{"id":347,"date":"2011-04-19T11:06:41","date_gmt":"2011-04-19T11:06:41","guid":{"rendered":"http:\/\/plastiflock.copia.loc\/?page_id=347"},"modified":"2018-04-04T10:11:34","modified_gmt":"2018-04-04T10:11:34","slug":"avis-juridique","status":"publish","type":"page","link":"https:\/\/www.innovaflock.com\/fr\/avis-juridique\/","title":{"rendered":"Avis juridique"},"content":{"rendered":"<p>1. Les donn\u00e9es d&rsquo;identification<\/p>\n<p>Le propri\u00e9taire de l&rsquo;entreprise est www.plastiflock.com <b><span lang=\"IT\">INNOVAFLOCK 2016 S.L.<\/span><\/b>, avec CIF B66714593, demeurant \u00e0 Calle Rafael Prats Riera, 59 ans, Vilassar de Dalt. Email Contact: administracion@plastiflock.com<\/p>\n<p>2. La propri\u00e9t\u00e9 intellectuelle de la Web<\/p>\n<p>Tous les droits de propri\u00e9t\u00e9 intellectuelle pour le contenu de ce site web, conception graphique, les images et le code source sont la propri\u00e9t\u00e9 exclusive de <b><span lang=\"IT\">INNOVAFLOCK 2016 S.L.<\/span><\/b>, a les droits exclusifs pour les exploiter. Leur reproduction, distribution, communication publique, en tout ou en partie sans l&rsquo;autorisation expresse de <b><span lang=\"IT\">INNOVAFLOCK 2016 S.L.<\/span><\/b>. En outre, tous les noms commerciaux, marques ou signes distinctifs de toute sorte sur plastiflock.com sont prot\u00e9g\u00e9s par la loi.<\/p>\n<p>3. contenu Web et des liens<\/p>\n<p>En Plastiflock 2003, SL pas responsable de la mauvaise utilisation des contenus de notre site est la responsabilit\u00e9 exclusive de la personne qui acc\u00e8de ou utilise. Nous d\u00e9clinons toute responsabilit\u00e9 pour les informations contenues dans les sites Web de tiers qui peuvent \u00eatre accessibles par les moteurs de recherche ou des liens de plastiflock.com page web.<\/p>\n<p>4. Mise \u00e0 jour et modification de la page web<\/p>\n<p>Plastiflock 2003, SL se r\u00e9serve le droit de mettre \u00e0 jour, modifier ou supprimer des informations contenues dans plastiflock.com, et la configuration ou la pr\u00e9sentation \u00e0 tout moment, sans pr\u00e9avis, et sans assumer aucune responsabilit\u00e9.<\/p>\n","protected":false},"excerpt":{"rendered":"<p>1. Les donn\u00e9es d&rsquo;identification Le propri\u00e9taire de l&rsquo;entreprise est www.plastiflock.com INNOVAFLOCK 2016 S.L., avec CIF B66714593, demeurant \u00e0 Calle Rafael Prats Riera, 59 ans, Vilassar de Dalt. Email Contact: administracion@plastiflock.com 2. La propri\u00e9t\u00e9 intellectuelle de la Web Tous les droits &hellip; <a href=\"https:\/\/www.innovaflock.com\/fr\/avis-juridique\/\">Continue reading <span class=\"meta-nav\">&rarr;<\/span><\/a><\/p>\n","protected":false},"author":4,"featured_media":0,"parent":0,"menu_order":0,"comment_status":"closed","ping_status":"closed","template":"onecolumn-page.php","meta":{"ngg_post_thumbnail":0,"footnotes":""},"class_list":["post-347","page","type-page","status-publish","hentry"],"aioseo_notices":[],"_links":{"self":[{"href":"https:\/\/www.innovaflock.com\/fr\/wp-json\/wp\/v2\/pages\/347\/"}],"collection":[{"href":"https:\/\/www.innovaflock.com\/fr\/wp-json\/wp\/v2\/pages\/"}],"about":[{"href":"https:\/\/www.innovaflock.com\/fr\/wp-json\/wp\/v2\/types\/page\/"}],"author":[{"embeddable":true,"href":"https:\/\/www.innovaflock.com\/fr\/wp-json\/wp\/v2\/users\/4\/"}],"replies":[{"embeddable":true,"href":"https:\/\/www.innovaflock.com\/fr\/wp-json\/wp\/v2\/comments\/?post=347"}],"version-history":[{"count":8,"href":"https:\/\/www.innovaflock.com\/fr\/wp-json\/wp\/v2\/pages\/347\/revisions\/"}],"predecessor-version":[{"id":753,"href":"https:\/\/www.innovaflock.com\/fr\/wp-json\/wp\/v2\/pages\/347\/revisions\/753\/"}],"wp:attachment":[{"href":"https:\/\/www.innovaflock.com\/fr\/wp-json\/wp\/v2\/media\/?parent=347"}],"curies":[{"name":"wp","href":"https:\/\/api.w.org\/{rel}","templated":true}]}}