{"id":246,"date":"2011-04-18T15:56:20","date_gmt":"2011-04-18T15:56:20","guid":{"rendered":"http:\/\/plastiflock.copia.loc\/?page_id=246"},"modified":"2011-07-19T15:38:50","modified_gmt":"2011-07-19T15:38:50","slug":"automobiles","status":"publish","type":"page","link":"https:\/\/www.innovaflock.com\/fr\/automobiles\/","title":{"rendered":"Automobiles"},"content":{"rendered":"<h3><strong>Carflock Tape<\/strong><\/h3>\n<table class=\"spec\">\n<thead>\n<tr class=\"rowa\">\n<td class=\"captiona\">Nom<\/td>\n<td class=\"captionb\">Caract\u00e9ristiques g\u00e9n\u00e9rals<\/td>\n<\/tr>\n<\/thead>\n<tbody>\n<tr class=\"rowb\">\n<td class=\"cola\">A12<\/td>\n<td class=\"colb\">Bande flock\u00e9e sur le substrat de Polypropyl\u00e8ne et flock de polyester 3,3 dtex 0,7 mm. noir.<\/td>\n<\/tr>\n<tr class=\"rowb\">\n<td class=\"cola\">A20<\/td>\n<td class=\"colb\">Bande flock\u00e9e sur le substrat de Polypropyl\u00e8ne et flock de polyamide 6,6 dtex 1,7 0,5 mm. noir.<\/td>\n<\/tr>\n<tr class=\"rowb\">\n<td class=\"cola\">A30<\/td>\n<td class=\"colb\">Bande flock\u00e9e sur le substrat de Polypropyl\u00e8ne et flock de polyamide 6,6 dtex 1,7 0,5 mm. couleur. <\/td>\n<\/tr>\n<tr class=\"rowb\">\n<td class=\"cola\">B10<\/td>\n<td class=\"colb\">Bande flock\u00e9e sur le substrat de PVC et de polyester 3,3 dtex 0,7 mm. noir. <\/td>\n<\/tr>\n<tr class=\"rowb\">\n<td class=\"cola\"><\/td>\n<td class=\"colb\"><a href=\"\/wp-content\/uploads\/2011\/05\/english_book.pdf\">T\u00e9l\u00e9charger le catalogue<\/a><\/td>\n<\/tr>\n<\/tbody>\n<\/table>\n<h3><strong>Carflock Cover<\/strong><\/h3>\n<table class=\"spec\">\n<thead>\n<tr class=\"rowa\">\n<td class=\"captiona\">Nom<\/td>\n<td class=\"captionb\">Caract\u00e9ristiques g\u00e9n\u00e9rals<\/td>\n<\/tr>\n<\/thead>\n<tbody>\n<tr class=\"rowb\">\n<td class=\"cola\">C10<\/td>\n<td class=\"colb\">Produits adh\u00e9sifs de haute performance, polyester troupeau 3,3 dtex 0,65 mm.<\/td>\n<\/tr>\n<tr class=\"rowb\">\n<td class=\"cola\">C11<\/td>\n<td class=\"colb\">Adh\u00e9rence termoadhesiu excellent produit d&rsquo;EPDM et de polyester tr\u00e8s bonne r\u00e9sistance \u00e0 l&rsquo;abrasion \u00e0 affluer vers troupeau 3,3 dtex 0,65 mm.<\/td>\n<\/tr>\n<tr class=\"rowb\">\n<td class=\"cola\">C12<\/td>\n<td class=\"colb\">Adh\u00e9rence termoadhesive excellent produit d&rsquo;EPDM et une excellente souplesse en polyester troupeau de flocage de 3,3 dtex 0,65 mm.<\/td>\n<\/tr>\n<tr class=\"rowb\">\n<td class=\"cola\"><\/td>\n<td class=\"colb\"><a href=\"\/wp-content\/uploads\/2011\/05\/english_book.pdf\">T\u00e9l\u00e9charger le catalogue<\/a><\/td>\n<\/tr>\n<\/tbody>\n<\/table>\n","protected":false},"excerpt":{"rendered":"<p>Carflock Tape Nom Caract\u00e9ristiques g\u00e9n\u00e9rals A12 Bande flock\u00e9e sur le substrat de Polypropyl\u00e8ne et flock de polyester 3,3 dtex 0,7 mm. noir. A20 Bande flock\u00e9e sur le substrat de Polypropyl\u00e8ne et flock de polyamide 6,6 dtex 1,7 0,5 mm. noir. &hellip; <a href=\"https:\/\/www.innovaflock.com\/fr\/automobiles\/\">Continue reading <span class=\"meta-nav\">&rarr;<\/span><\/a><\/p>\n","protected":false},"author":4,"featured_media":0,"parent":0,"menu_order":3,"comment_status":"closed","ping_status":"closed","template":"twocolumn-page.php","meta":{"ngg_post_thumbnail":0,"footnotes":""},"class_list":["post-246","page","type-page","status-publish","hentry"],"aioseo_notices":[],"_links":{"self":[{"href":"https:\/\/www.innovaflock.com\/fr\/wp-json\/wp\/v2\/pages\/246\/"}],"collection":[{"href":"https:\/\/www.innovaflock.com\/fr\/wp-json\/wp\/v2\/pages\/"}],"about":[{"href":"https:\/\/www.innovaflock.com\/fr\/wp-json\/wp\/v2\/types\/page\/"}],"author":[{"embeddable":true,"href":"https:\/\/www.innovaflock.com\/fr\/wp-json\/wp\/v2\/users\/4\/"}],"replies":[{"embeddable":true,"href":"https:\/\/www.innovaflock.com\/fr\/wp-json\/wp\/v2\/comments\/?post=246"}],"version-history":[{"count":8,"href":"https:\/\/www.innovaflock.com\/fr\/wp-json\/wp\/v2\/pages\/246\/revisions\/"}],"predecessor-version":[{"id":544,"href":"https:\/\/www.innovaflock.com\/fr\/wp-json\/wp\/v2\/pages\/246\/revisions\/544\/"}],"wp:attachment":[{"href":"https:\/\/www.innovaflock.com\/fr\/wp-json\/wp\/v2\/media\/?parent=246"}],"curies":[{"name":"wp","href":"https:\/\/api.w.org\/{rel}","templated":true}]}}