{"id":211,"date":"2011-04-18T12:37:44","date_gmt":"2011-04-18T12:37:44","guid":{"rendered":"http:\/\/plastiflock.copia.loc\/?page_id=211"},"modified":"2011-07-19T15:20:05","modified_gmt":"2011-07-19T15:20:05","slug":"211-2","status":"publish","type":"page","link":"https:\/\/www.innovaflock.com\/fr\/211-2\/","title":{"rendered":"Emballage"},"content":{"rendered":"<div id=\"secondary-producto\">\n<h3 class=\"widget-title\">Support<\/h3>\n<ul class=\"xoxo\">\n<li id=\"recent-post-4\" class=\"widget-container widget-recent-entries\">\n<h3 class=\"widget-title-soporte\">Bristol<\/h3>\n<p>Bristol de 280 gr\/m2.<br \/>\nBobines de 50 ml x 500 mm. de largeur.<br \/>\nPour d&rsquo;autres grammages consulter notre d\u00e9partament Technique.\n<\/li>\n<li id=\"recent-post-4\" class=\"widget-container widget-recent-entries\">\n<h3 class=\"widget-title-soporte\">PVC Adh\u00e9sif<\/h3>\n<p>PVC 100 microns.<br \/>\nBobines de 50 ml x 500 mm. de largeur.\n<\/li>\n<li id=\"recent-post-4\" class=\"widget-container widget-recent-entries\">\n<h3 class=\"widget-title-soporte\">Non tiss\u00e9<\/h3>\n<p>Support de 70 gr\/m2.<br \/>\nBobines de 50 ml x 1500 mm. de largeur.\n<\/li>\n<li id=\"recent-post-4\" class=\"widget-container widget-recent-entries\">\n<h3 class=\"widget-title-soporte\">Polystyr\u00e8ne<\/h3>\n<p>Epaisseur de 0.2 \u00e0 1.20 mm.<br \/>\nLargeur de 350mm \u00e0 700mm.<br \/>\nSupport PS couleur coordonn\u00e9e avec le flock.\n<\/li>\n<li id=\"recent-post-4\" class=\"widget-container widget-recent-entries\">\n<h3 class=\"widget-title-soporte\">Textiles<\/h3>\n<p>Bobines de 50 ml x 1500 mm. de largeur.\n<\/li>\n<\/ul>\n<\/div>\n<p><!-- #secondary .widget-area --><\/p>\n<div id=\"container-producto\">\n<div id=\"content-producto\">\n<h3 class=\"widget-title\">Fibres<\/h3>\n\n<\/div>\n<\/div>\n","protected":false},"excerpt":{"rendered":"<p>Support Bristol Bristol de 280 gr\/m2. Bobines de 50 ml x 500 mm. de largeur. Pour d&rsquo;autres grammages consulter notre d\u00e9partament Technique. PVC Adh\u00e9sif PVC 100 microns. Bobines de 50 ml x 500 mm. de largeur. Non tiss\u00e9 Support de &hellip; <a href=\"https:\/\/www.innovaflock.com\/fr\/211-2\/\">Continue reading <span class=\"meta-nav\">&rarr;<\/span><\/a><\/p>\n","protected":false},"author":4,"featured_media":0,"parent":0,"menu_order":2,"comment_status":"closed","ping_status":"closed","template":"onecolumn-productos-page.php","meta":{"ngg_post_thumbnail":0,"footnotes":""},"class_list":["post-211","page","type-page","status-publish","hentry"],"aioseo_notices":[],"_links":{"self":[{"href":"https:\/\/www.innovaflock.com\/fr\/wp-json\/wp\/v2\/pages\/211\/"}],"collection":[{"href":"https:\/\/www.innovaflock.com\/fr\/wp-json\/wp\/v2\/pages\/"}],"about":[{"href":"https:\/\/www.innovaflock.com\/fr\/wp-json\/wp\/v2\/types\/page\/"}],"author":[{"embeddable":true,"href":"https:\/\/www.innovaflock.com\/fr\/wp-json\/wp\/v2\/users\/4\/"}],"replies":[{"embeddable":true,"href":"https:\/\/www.innovaflock.com\/fr\/wp-json\/wp\/v2\/comments\/?post=211"}],"version-history":[{"count":13,"href":"https:\/\/www.innovaflock.com\/fr\/wp-json\/wp\/v2\/pages\/211\/revisions\/"}],"predecessor-version":[{"id":526,"href":"https:\/\/www.innovaflock.com\/fr\/wp-json\/wp\/v2\/pages\/211\/revisions\/526\/"}],"wp:attachment":[{"href":"https:\/\/www.innovaflock.com\/fr\/wp-json\/wp\/v2\/media\/?parent=211"}],"curies":[{"name":"wp","href":"https:\/\/api.w.org\/{rel}","templated":true}]}}