{"id":207,"date":"2011-04-18T12:18:10","date_gmt":"2011-04-18T12:18:10","guid":{"rendered":"http:\/\/plastiflock.copia.loc\/?page_id=207"},"modified":"2018-03-28T11:36:17","modified_gmt":"2018-03-28T11:36:17","slug":"plastiflock","status":"publish","type":"page","link":"https:\/\/www.innovaflock.com\/fr\/plastiflock\/","title":{"rendered":"Nous"},"content":{"rendered":"<p>INNOVAFLOCK 2016 SL est une jeune entreprise fond\u00e9e en 2003 sp\u00e9cialis\u00e9e dans la fabrication de mat\u00e9riaux floqu\u00e9s pour les diff\u00e9rents secteurs de l&rsquo;industrie en g\u00e9n\u00e9ral. Notre objectif principal est d&rsquo;offrir \u00e0 nos clients un niveau \u00e9lev\u00e9 de qualit\u00e9 dans tous nos produits et service \u00e0 la client\u00e8le pour r\u00e9pondre \u00e0 vos besoins.<\/p>\n<p>En Innovaflock Il ya des indications claires \u00e0 la R &amp; D, l&rsquo;assistance technique et de qualit\u00e9. Nous disposons d&rsquo;un laboratoire \u00e9quip\u00e9 d&rsquo;instruments et les moyens d&rsquo;atteindre ces extr\u00e9mit\u00e9s NECESSAIRE.<\/p>\n<p>Nous avons une installation de 3.000 m2, situ\u00e9 \u00e0 Palau-solit\u00e0 i Plegamans, \u00e0 20 km de Barcelone.<\/p>\n","protected":false},"excerpt":{"rendered":"<p>INNOVAFLOCK 2016 SL est une jeune entreprise fond\u00e9e en 2003 sp\u00e9cialis\u00e9e dans la fabrication de mat\u00e9riaux floqu\u00e9s pour les diff\u00e9rents secteurs de l&rsquo;industrie en g\u00e9n\u00e9ral. Notre objectif principal est d&rsquo;offrir \u00e0 nos clients un niveau \u00e9lev\u00e9 de qualit\u00e9 dans tous &hellip; <a href=\"https:\/\/www.innovaflock.com\/fr\/plastiflock\/\">Continue reading <span class=\"meta-nav\">&rarr;<\/span><\/a><\/p>\n","protected":false},"author":4,"featured_media":0,"parent":0,"menu_order":1,"comment_status":"closed","ping_status":"closed","template":"twocolumn-page.php","meta":{"ngg_post_thumbnail":0,"footnotes":""},"class_list":["post-207","page","type-page","status-publish","hentry"],"aioseo_notices":[],"_links":{"self":[{"href":"https:\/\/www.innovaflock.com\/fr\/wp-json\/wp\/v2\/pages\/207\/"}],"collection":[{"href":"https:\/\/www.innovaflock.com\/fr\/wp-json\/wp\/v2\/pages\/"}],"about":[{"href":"https:\/\/www.innovaflock.com\/fr\/wp-json\/wp\/v2\/types\/page\/"}],"author":[{"embeddable":true,"href":"https:\/\/www.innovaflock.com\/fr\/wp-json\/wp\/v2\/users\/4\/"}],"replies":[{"embeddable":true,"href":"https:\/\/www.innovaflock.com\/fr\/wp-json\/wp\/v2\/comments\/?post=207"}],"version-history":[{"count":9,"href":"https:\/\/www.innovaflock.com\/fr\/wp-json\/wp\/v2\/pages\/207\/revisions\/"}],"predecessor-version":[{"id":641,"href":"https:\/\/www.innovaflock.com\/fr\/wp-json\/wp\/v2\/pages\/207\/revisions\/641\/"}],"wp:attachment":[{"href":"https:\/\/www.innovaflock.com\/fr\/wp-json\/wp\/v2\/media\/?parent=207"}],"curies":[{"name":"wp","href":"https:\/\/api.w.org\/{rel}","templated":true}]}}