{"id":188,"date":"2011-04-18T11:07:34","date_gmt":"2011-04-18T11:07:34","guid":{"rendered":"http:\/\/plastiflock.copia.loc\/?page_id=188"},"modified":"2018-04-04T10:38:10","modified_gmt":"2018-04-04T10:38:10","slug":"frase_home-4","status":"publish","type":"page","link":"https:\/\/www.innovaflock.com\/fr\/frase_home-4\/","title":{"rendered":"Frase_home"},"content":{"rendered":"<p>\u00ab\u00a0&#8230;la gamme de produits Innovaflock, garanties la durabilit\u00e9, la qualit\u00e9 et la continuit\u00e9 de vos applications&#8230;\u00a0\u00bb<\/p>\n","protected":false},"excerpt":{"rendered":"<p>\u00ab\u00a0&#8230;la gamme de produits Innovaflock, garanties la durabilit\u00e9, la qualit\u00e9 et la continuit\u00e9 de vos applications&#8230;\u00a0\u00bb<\/p>\n","protected":false},"author":4,"featured_media":0,"parent":0,"menu_order":0,"comment_status":"closed","ping_status":"closed","template":"onecolumn-page.php","meta":{"ngg_post_thumbnail":0,"footnotes":""},"class_list":["post-188","page","type-page","status-publish","hentry"],"aioseo_notices":[],"_links":{"self":[{"href":"https:\/\/www.innovaflock.com\/fr\/wp-json\/wp\/v2\/pages\/188\/"}],"collection":[{"href":"https:\/\/www.innovaflock.com\/fr\/wp-json\/wp\/v2\/pages\/"}],"about":[{"href":"https:\/\/www.innovaflock.com\/fr\/wp-json\/wp\/v2\/types\/page\/"}],"author":[{"embeddable":true,"href":"https:\/\/www.innovaflock.com\/fr\/wp-json\/wp\/v2\/users\/4\/"}],"replies":[{"embeddable":true,"href":"https:\/\/www.innovaflock.com\/fr\/wp-json\/wp\/v2\/comments\/?post=188"}],"version-history":[{"count":11,"href":"https:\/\/www.innovaflock.com\/fr\/wp-json\/wp\/v2\/pages\/188\/revisions\/"}],"predecessor-version":[{"id":762,"href":"https:\/\/www.innovaflock.com\/fr\/wp-json\/wp\/v2\/pages\/188\/revisions\/762\/"}],"wp:attachment":[{"href":"https:\/\/www.innovaflock.com\/fr\/wp-json\/wp\/v2\/media\/?parent=188"}],"curies":[{"name":"wp","href":"https:\/\/api.w.org\/{rel}","templated":true}]}}