{"id":99,"date":"2011-04-15T09:54:20","date_gmt":"2011-04-15T09:54:20","guid":{"rendered":"http:\/\/plastiflock.copia.loc\/?page_id=99"},"modified":"2018-04-04T10:11:22","modified_gmt":"2018-04-04T10:11:22","slug":"avis-legal","status":"publish","type":"page","link":"https:\/\/www.innovaflock.com\/ca\/avis-legal\/","title":{"rendered":"Av\u00eds Legal"},"content":{"rendered":"<p>1. Dades identificatives<\/p>\n<p>L&#8217;empresa titular de www.plastiflock.com \u00e9s <b><span lang=\"IT\">INNOVAFLOCK 2016 S.L.<\/span><\/b> amb CIF B66714593, amb domicili social al carrer Rafel Riera Prats, 59 de Vilassar de Dalt. Correu electr\u00f2nic de contacte: administracion@plastiflock.com<\/p>\n<p>2. Propietat intel\u00b7lectual de la web<\/p>\n<p>Tots els drets de propietat intel\u00b7lectual del contingut d&#8217;aquesta p\u00e0gina web, el seu disseny gr\u00e0fic, les seves imatges i els seus codis font, s\u00f3n titularitat exclusiva de <b><span lang=\"IT\">INNOVAFLOCK 2016 S.L.<\/span><\/b>, corresponent al exercici exclusiu dels drets d&#8217;explotaci\u00f3 dels mateixos. Queda prohibida la seva reproducci\u00f3, distribuci\u00f3, comunicaci\u00f3 p\u00fablica i transformaci\u00f3, total o parcial, sense l&#8217;autoritzaci\u00f3 expressa de <b><span lang=\"IT\">INNOVAFLOCK 2016 S.L.<\/span><\/b>. Igualment, tots els noms comercials, marques o signes distintius de qualsevol classe continguts en plastiflock.com estan protegits per llei.<\/p>\n<p>3. Contingut del web i enlla\u00e7os<\/p>\n<p>En Plastiflock 2003, S.L. no ens responsabilitzem del mal \u00fas que es realitzi dels continguts de la nostra p\u00e0gina web, sent exclusiva responsabilitat de la persona que accedeix a ells o els utilitza. Tampoc assumim cap responsabilitat per la informaci\u00f3 continguda en les p\u00e0gines web de tercers a les que es pugui accedir per enlla\u00e7os des de la p\u00e0gina web plastiflock.com.<\/p>\n<p>4. Actualitzaci\u00f3 i modificaci\u00f3 de la p\u00e0gina web<\/p>\n<p>Plastiflock 2003, S.L. es reserva el dret a actualitzar, modificar o eliminar la informaci\u00f3 continguda a plastiflock.com, i la configuraci\u00f3 o presentaci\u00f3, en qualsevol moment, sense previ av\u00eds, i sense assumir cap responsabilitat per aix\u00f2.<\/p>\n","protected":false},"excerpt":{"rendered":"<p>1. Dades identificatives L&#8217;empresa titular de www.plastiflock.com \u00e9s INNOVAFLOCK 2016 S.L. amb CIF B66714593, amb domicili social al carrer Rafel Riera Prats, 59 de Vilassar de Dalt. Correu electr\u00f2nic de contacte: administracion@plastiflock.com 2. Propietat intel\u00b7lectual de la web Tots els &hellip; <a href=\"https:\/\/www.innovaflock.com\/ca\/avis-legal\/\">Continue reading <span class=\"meta-nav\">&rarr;<\/span><\/a><\/p>\n","protected":false},"author":4,"featured_media":0,"parent":0,"menu_order":0,"comment_status":"closed","ping_status":"closed","template":"onecolumn-page.php","meta":{"ngg_post_thumbnail":0,"footnotes":""},"class_list":["post-99","page","type-page","status-publish","hentry"],"aioseo_notices":[],"_links":{"self":[{"href":"https:\/\/www.innovaflock.com\/ca\/wp-json\/wp\/v2\/pages\/99\/"}],"collection":[{"href":"https:\/\/www.innovaflock.com\/ca\/wp-json\/wp\/v2\/pages\/"}],"about":[{"href":"https:\/\/www.innovaflock.com\/ca\/wp-json\/wp\/v2\/types\/page\/"}],"author":[{"embeddable":true,"href":"https:\/\/www.innovaflock.com\/ca\/wp-json\/wp\/v2\/users\/4\/"}],"replies":[{"embeddable":true,"href":"https:\/\/www.innovaflock.com\/ca\/wp-json\/wp\/v2\/comments\/?post=99"}],"version-history":[{"count":8,"href":"https:\/\/www.innovaflock.com\/ca\/wp-json\/wp\/v2\/pages\/99\/revisions\/"}],"predecessor-version":[{"id":752,"href":"https:\/\/www.innovaflock.com\/ca\/wp-json\/wp\/v2\/pages\/99\/revisions\/752\/"}],"wp:attachment":[{"href":"https:\/\/www.innovaflock.com\/ca\/wp-json\/wp\/v2\/media\/?parent=99"}],"curies":[{"name":"wp","href":"https:\/\/api.w.org\/{rel}","templated":true}]}}