{"id":22,"date":"2011-04-12T18:49:32","date_gmt":"2011-04-12T18:49:32","guid":{"rendered":"http:\/\/plastiflock.copia.loc\/?page_id=22"},"modified":"2018-03-28T11:34:51","modified_gmt":"2018-03-28T11:34:51","slug":"nosaltres","status":"publish","type":"page","link":"https:\/\/www.innovaflock.com\/ca\/nosaltres\/","title":{"rendered":"Nosaltres"},"content":{"rendered":"<p>INNOVAFLOCK 2016 S.L. \u00e9s una empresa especialitzada en la fabricaci\u00f3 de materials flocats destinats a diferents sectors de la ind\u00fastria en general. El nostre principal objectiu \u00e9s oferir als nostres clients un alt nivell de qualitat en tots els nostres productes, aix\u00ed com un servei al client d&#8217;acord a les seves necessitats.<\/p>\n<p>A Innovaflock hi ha una clara orientaci\u00f3 a R + D, assist\u00e8ncia t\u00e8cnica i qualitat, \u00e9s per aix\u00f2, que disposem d&#8217;un laboratori dotat dels mitjans i instrumentaci\u00f3 necessaris per a la consecuci\u00f3 d&#8217;aquests fins. Estem orientats al embalatge, packaging i autom\u00f2bil.<\/p>\n<p>Per aix\u00f2 comptem amb unes instal.lacions de 3.000 m2, ubicats a Palau-solit\u00e0 i Plegamans, poblaci\u00f3 situada a 20 km de Barcelona.<\/p>\n<p>A partir de Juliol de 2017 s&#8217;ha iniciat el projecte de fabricaci\u00f3 de cintes adhesives per l&#8217;aplicaci\u00f3n en industria en general.<\/p>\n","protected":false},"excerpt":{"rendered":"<p>INNOVAFLOCK 2016 S.L. \u00e9s una empresa especialitzada en la fabricaci\u00f3 de materials flocats destinats a diferents sectors de la ind\u00fastria en general. El nostre principal objectiu \u00e9s oferir als nostres clients un alt nivell de qualitat en tots els nostres &hellip; <a href=\"https:\/\/www.innovaflock.com\/ca\/nosaltres\/\">Continue reading <span class=\"meta-nav\">&rarr;<\/span><\/a><\/p>\n","protected":false},"author":4,"featured_media":0,"parent":0,"menu_order":1,"comment_status":"closed","ping_status":"closed","template":"twocolumn-page.php","meta":{"ngg_post_thumbnail":0,"footnotes":""},"class_list":["post-22","page","type-page","status-publish","hentry"],"aioseo_notices":[],"_links":{"self":[{"href":"https:\/\/www.innovaflock.com\/ca\/wp-json\/wp\/v2\/pages\/22\/"}],"collection":[{"href":"https:\/\/www.innovaflock.com\/ca\/wp-json\/wp\/v2\/pages\/"}],"about":[{"href":"https:\/\/www.innovaflock.com\/ca\/wp-json\/wp\/v2\/types\/page\/"}],"author":[{"embeddable":true,"href":"https:\/\/www.innovaflock.com\/ca\/wp-json\/wp\/v2\/users\/4\/"}],"replies":[{"embeddable":true,"href":"https:\/\/www.innovaflock.com\/ca\/wp-json\/wp\/v2\/comments\/?post=22"}],"version-history":[{"count":13,"href":"https:\/\/www.innovaflock.com\/ca\/wp-json\/wp\/v2\/pages\/22\/revisions\/"}],"predecessor-version":[{"id":635,"href":"https:\/\/www.innovaflock.com\/ca\/wp-json\/wp\/v2\/pages\/22\/revisions\/635\/"}],"wp:attachment":[{"href":"https:\/\/www.innovaflock.com\/ca\/wp-json\/wp\/v2\/media\/?parent=22"}],"curies":[{"name":"wp","href":"https:\/\/api.w.org\/{rel}","templated":true}]}}